{"id":36946,"date":"2024-04-30T09:13:19","date_gmt":"2024-04-30T09:13:19","guid":{"rendered":"https:\/\/www.mathez-monaco.com\/?page_id=36946"},"modified":"2024-04-30T09:22:45","modified_gmt":"2024-04-30T09:22:45","slug":"cookies","status":"publish","type":"page","link":"https:\/\/www.mathez-monaco.com\/fr\/cookies\/","title":{"rendered":"Cookies"},"content":{"rendered":"\t\t<div data-elementor-type=\"wp-post\" data-elementor-id=\"36946\" class=\"elementor elementor-36946\" data-elementor-post-type=\"page\">\n\t\t\t\t\t\t<div class=\"elementor-section elementor-top-section elementor-element elementor-element-0d6564c elementor-section-stretched elementor-section-full_width bg-about elementor-section-height-default elementor-section-height-default default-style elementor-invisible\" data-id=\"0d6564c\" data-element_type=\"section\" data-e-type=\"section\" id=\"mti-page-header\" data-settings=\"{&quot;stretch_section&quot;:&quot;section-stretched&quot;,&quot;animation&quot;:&quot;fadeIn&quot;,&quot;rt_color_sets&quot;:&quot;default-style&quot;}\">\n\t\t\t\t\t\t<div class=\"elementor-container elementor-column-gap-no\">\n\t\t\t\t\t<div class=\"elementor-column elementor-col-100 elementor-top-column elementor-element elementor-element-df05336\" data-id=\"df05336\" data-element_type=\"column\" data-e-type=\"column\">\n\t\t\t<div class=\"elementor-widget-wrap elementor-element-populated\">\n\t\t\t\t\t\t<div class=\"elementor-element elementor-element-f1cafb3 elementor-widget elementor-widget-theme-post-featured-image elementor-widget-image\" data-id=\"f1cafb3\" data-element_type=\"widget\" data-e-type=\"widget\" data-widget_type=\"theme-post-featured-image.default\">\n\t\t\t\t<div class=\"elementor-widget-container\">\n\t\t\t\t\t\t\t\t\t\t\t\t\t\t\t<img fetchpriority=\"high\" decoding=\"async\" width=\"1220\" height=\"406\" src=\"https:\/\/www.mathez-monaco.com\/wp-content\/uploads\/photo-mentions-legales-depositphotos-1220x406.jpg\" class=\"attachment-mti-flat-banner size-mti-flat-banner wp-image-24454\" alt=\"Mentions l\u00e9gales\" \/>\t\t\t\t\t\t\t\t\t\t\t\t\t\t\t<\/div>\n\t\t\t\t<\/div>\n\t\t\t\t\t<\/div>\n\t\t<\/div>\n\t\t\t\t\t<\/div>\n\t\t<\/div>\n\t\t\t\t<div class=\"elementor-section elementor-top-section elementor-element elementor-element-de97ee0 excerpt-ontop highlight-about elementor-section-boxed elementor-section-height-default elementor-section-height-default default-style\" data-id=\"de97ee0\" data-element_type=\"section\" data-e-type=\"section\" id=\"mti-page-excerpt\" data-settings=\"{&quot;rt_color_sets&quot;:&quot;default-style&quot;}\">\n\t\t\t\t\t\t<div class=\"elementor-container elementor-column-gap-default\">\n\t\t\t\t\t<div class=\"elementor-column elementor-col-100 elementor-top-column elementor-element elementor-element-e879d18\" data-id=\"e879d18\" data-element_type=\"column\" data-e-type=\"column\">\n\t\t\t<div class=\"elementor-widget-wrap elementor-element-populated\">\n\t\t\t\t\t\t<div class=\"elementor-element elementor-element-072b49f elementor-widget elementor-widget-theme-post-excerpt\" data-id=\"072b49f\" data-element_type=\"widget\" data-e-type=\"widget\" data-widget_type=\"theme-post-excerpt.default\">\n\t\t\t\t<div class=\"elementor-widget-container\">\n\t\t\t\t\tLe site mathez-monaco.com est  \u00e9dit\u00e9 par MATHEZ MONACO, dont le si\u00e8ge social est situ\u00e9 \u00e0 Monaco. Nous respectons vos donn\u00e9es personnelles.\t\t\t\t<\/div>\n\t\t\t\t<\/div>\n\t\t\t\t\t<\/div>\n\t\t<\/div>\n\t\t\t\t\t<\/div>\n\t\t<\/div>\n\t\t\t\t<section class=\"elementor-section elementor-top-section elementor-element elementor-element-66e2d9f pop-no elementor-section-boxed elementor-section-height-default elementor-section-height-default default-style\" data-id=\"66e2d9f\" data-element_type=\"section\" data-e-type=\"section\" id=\"mti-legal\" data-settings=\"{&quot;animation&quot;:&quot;none&quot;,&quot;rt_color_sets&quot;:&quot;default-style&quot;}\">\n\t\t\t\t\t\t<div class=\"elementor-container elementor-column-gap-wider\">\n\t\t\t\t\t<div class=\"elementor-column elementor-col-100 elementor-top-column elementor-element elementor-element-4c8e5ed\" data-id=\"4c8e5ed\" data-element_type=\"column\" data-e-type=\"column\">\n\t\t\t<div class=\"elementor-widget-wrap elementor-element-populated\">\n\t\t\t\t\t\t<div class=\"elementor-element elementor-element-f25d1f2 elementor-widget elementor-widget-rt-heading\" data-id=\"f25d1f2\" data-element_type=\"widget\" data-e-type=\"widget\" data-settings=\"{&quot;_animation&quot;:&quot;none&quot;}\" data-widget_type=\"rt-heading.default\">\n\t\t\t\t<div class=\"elementor-widget-container\">\n\t\t\t\t\t<div class=\"rt-heading-wrapper\">\n\t\t\t\t\t\t<H2 class=\"rt-heading\" >Politique relative aux cookies<\/H2>\n\t\t\t\t\t<\/div>\t\t\t\t<\/div>\n\t\t\t\t<\/div>\n\t\t\t\t<div class=\"elementor-element elementor-element-0331b67 elementor-widget elementor-widget-text-editor\" data-id=\"0331b67\" data-element_type=\"widget\" data-e-type=\"widget\" data-widget_type=\"text-editor.default\">\n\t\t\t\t<div class=\"elementor-widget-container\">\n\t\t\t\t\t\t\t\t\t<p>La pr\u00e9sente politique en mati\u00e8re de cookies explique ce que sont les cookies, les informations que nous recueillons \u00e0 l\u2019aide des cookies, et comment vous pouvez contr\u00f4ler vos pr\u00e9f\u00e9rences relatives aux cookies.<\/p><h4 class=\"accordeon\">Que sont les cookies?<\/h4><p>Les cookies sont de petits <strong>fichiers texte<\/strong> stock\u00e9s sur votre appareil qui servent \u00e0 m\u00e9moriser des informations basiques relatives \u00e0 votre <strong>navigation sur internet<\/strong>. Chaque cookie est envoy\u00e9 par le serveur et stock\u00e9 sur votre poste pour la <strong>dur\u00e9e<\/strong> de votre session, ou au-del\u00e0, pour vous reconna\u00eetre lors d\u2019une prochaine session.<br \/>Pour en savoir plus sur les cookies, voyez\u00a0<strong><a href=\"http:\/\/www.allaboutcookies.org\/fr\/\" target=\"_blank\" rel=\"noreferrer noopener\">allaboutcookies.org<\/a><\/strong>\u00a0(en fran\u00e7ais).<\/p><h4 id=\"h-quels-types-de-cookies-utilisons-nous-et-pourquoi\"><strong>Quels types de cookies utilisons-nous et pourquoi?<\/strong><\/h4><p>Ce site utilise des <strong>cookies internes<\/strong> indispensables au fonctionnement du serveur web, ou destin\u00e9s \u00e0 optimiser votre exp\u00e9rience de navigation, et fait appel \u00e0 des <strong>services tiers<\/strong> d\u00e9posant \u00e9galement des cookies. La liste ci-dessous identifie les cookies utilis\u00e9s sur ce site, par cat\u00e9gories:<\/p><div class=\"cky-audit-table-element\">\u00a0<\/div><h4 id=\"h-comment-contr-ler-les-pr-f-rences-en-mati-re-de-cookies\"><strong>Comment contr\u00f4ler les pr\u00e9f\u00e9rences en mati\u00e8re de cookies ?<\/strong><\/h4><p>A l&rsquo;arriv\u00e9e sur ce site, un <strong><em>popup<\/em> <\/strong>vous invite \u00e0 param\u00e9trer ou accepter les cookies.\u00a0Vous pouvez g\u00e9rer vos pr\u00e9f\u00e9rences en mati\u00e8re de cookies en cliquant sur le bouton \u00ab\u00a0<strong>Param\u00e9trage<\/strong>\u00a0\u00bb et en activant ou d\u00e9sactivant les cat\u00e9gories de cookies\u00a0 selon vos pr\u00e9f\u00e9rences.<\/p><p>Pour <strong>modifier vos pr\u00e9f\u00e9rences<\/strong> plus tard au cours de votre navigation, vous pouvez cliquer sur le lien \u00ab\u00a0<strong>Mentions l\u00e9gales<\/strong>\u00a0\u00bb en pied de chaque page, et acc\u00e9der ici. Cliquez ensuite sur le bouton \u00ab\u00a0<strong>param\u00e9trage<\/strong>\u00a0\u00bb ci-dessous. L&rsquo;avis de consentement s&rsquo;affichera \u00e0 nouveau, vous permettant de modifier vos pr\u00e9f\u00e9rences ou de retirer votre consentement.<br \/><br \/><br \/><br \/><\/p><center><a class=\"cky-banner-element\">Cookie Settings<\/a><\/center><p><br \/><br \/><br \/>Votre consentement s&rsquo;applique au domaine suivant : <b>mathez-monaco.com<\/b><\/p><p>En outre, les diff\u00e9rents <strong>navigateurs<\/strong> proposent diff\u00e9rentes m\u00e9thodes pour bloquer et supprimer les cookies utilis\u00e9s par les sites web.<\/p><p>Modifiez les param\u00e8tres de votre navigateur selon vos pr\u00e9f\u00e9rences. Reportez-vous au mode d\u2019emploi (<a href=\"http:\/\/windows.microsoft.com\/fr-fr\/internet-explorer\/delete-manage-cookies#ie=ie-11\" target=\"_blank\" rel=\"noopener\">Internet Explorer<\/a>,\u00a0<a href=\"https:\/\/support.google.com\/chrome\/answer\/95647?co=GENIE.Platform%3DDesktop&amp;hl=fr\" target=\"_blank\" rel=\"noopener\">Chrome<\/a>,\u00a0<a href=\"https:\/\/support.mozilla.org\/fr\/products\/firefox\/protect-your-privacy\" target=\"_blank\" rel=\"noopener\">Firefox<\/a>,\u00a0<a href=\"http:\/\/help.opera.com\/Windows\/10.20\/fr\/cookies.html\" target=\"_blank\" rel=\"noopener\">Opera\u00a0<\/a>ou autre). Pour en savoir plus, consultez le site wikipedia.org, <a href=\"http:\/\/allaboutcookies.org\" target=\"_blank\" rel=\"noreferrer noopener\">allaboutcookies.org<\/a>.<\/p>\t\t\t\t\t\t\t\t<\/div>\n\t\t\t\t<\/div>\n\t\t\t\t\t<\/div>\n\t\t<\/div>\n\t\t\t\t\t<\/div>\n\t\t<\/section>\n\t\t\t\t<nav class=\"elementor-section elementor-top-section elementor-element elementor-element-4c6a9f7 mti-navigation-pages elementor-section-boxed elementor-section-height-default elementor-section-height-default default-style\" data-id=\"4c6a9f7\" data-element_type=\"section\" data-e-type=\"section\" data-settings=\"{&quot;rt_color_sets&quot;:&quot;default-style&quot;}\">\n\t\t\t\t\t\t<div class=\"elementor-container elementor-column-gap-default\">\n\t\t\t\t\t<div class=\"elementor-column elementor-col-100 elementor-top-column elementor-element elementor-element-2d15866\" data-id=\"2d15866\" data-element_type=\"column\" data-e-type=\"column\">\n\t\t\t<div class=\"elementor-widget-wrap elementor-element-populated\">\n\t\t\t\t\t\t<div class=\"elementor-element elementor-element-d8e4877 elementor-widget elementor-widget-post-navigation\" data-id=\"d8e4877\" data-element_type=\"widget\" data-e-type=\"widget\" data-widget_type=\"post-navigation.default\">\n\t\t\t\t<div class=\"elementor-widget-container\">\n\t\t\t\t\t\t\t<div class=\"elementor-post-navigation\" role=\"navigation\" aria-label=\"Navigation de publication\">\n\t\t\t<div class=\"elementor-post-navigation__prev elementor-post-navigation__link\">\n\t\t\t\t<a href=\"https:\/\/www.mathez-monaco.com\/fr\/pratique\/box\/\" rel=\"prev\"><span class=\"post-navigation__arrow-wrapper post-navigation__arrow-prev\"><i aria-hidden=\"true\" class=\"fas fa-angle-left\"><\/i><span class=\"elementor-screen-only\">Prev<\/span><\/span><span class=\"elementor-post-navigation__link__prev\"><span class=\"post-navigation__prev--label\">Pr\u00e9c\u00e9dent<\/span><span class=\"post-navigation__prev--title\">Douanes Box<\/span><\/span><\/a>\t\t\t<\/div>\n\t\t\t\t\t\t<div class=\"elementor-post-navigation__next elementor-post-navigation__link\">\n\t\t\t\t\t\t\t<\/div>\n\t\t<\/div>\n\t\t\t\t\t\t<\/div>\n\t\t\t\t<\/div>\n\t\t\t\t\t<\/div>\n\t\t<\/div>\n\t\t\t\t\t<\/div>\n\t\t<\/nav>\n\t\t\t\t<\/div>\n\t\t","protected":false},"excerpt":{"rendered":"<p>Le site mathez-monaco.com est  \u00e9dit\u00e9 par MATHEZ MONACO, dont le si\u00e8ge social est situ\u00e9 \u00e0 Monaco. Nous respectons vos donn\u00e9es personnelles.<\/p>\n","protected":false},"author":1,"featured_media":24454,"parent":0,"menu_order":800,"comment_status":"closed","ping_status":"closed","template":"page-mti-a4.php","meta":{"rs_blank_template":"","rs_page_bg_color":"","slide_template_v7":"","iawp_total_views":56,"footnotes":""},"class_list":["post-36946","page","type-page","status-publish","has-post-thumbnail","hentry"],"yoast_head":"<!-- This site is optimized with the Yoast SEO Premium plugin v27.5 (Yoast SEO v27.5) - https:\/\/yoast.com\/product\/yoast-seo-premium-wordpress\/ -->\n<title>Cookies - MATHEZ MONACO<\/title>\n<meta name=\"description\" content=\"Le site mathez-monaco.com est \u00e9dit\u00e9 par MATHEZ MONACO, dont le si\u00e8ge social est situ\u00e9 \u00e0 Monaco. Nous respectons vos donn\u00e9es personnelles.\" \/>\n<meta name=\"robots\" content=\"index, follow, max-snippet:-1, max-image-preview:large, max-video-preview:-1\" \/>\n<link rel=\"canonical\" href=\"https:\/\/www.mathez-monaco.com\/fr\/cookies\/\" \/>\n<meta property=\"og:locale\" content=\"fr_FR\" \/>\n<meta property=\"og:type\" content=\"article\" \/>\n<meta property=\"og:title\" content=\"Cookies\" \/>\n<meta property=\"og:description\" content=\"Le site mathez-monaco.com est \u00e9dit\u00e9 par MATHEZ MONACO, dont le si\u00e8ge social est situ\u00e9 \u00e0 Monaco. Nous respectons vos donn\u00e9es personnelles.\" \/>\n<meta property=\"og:url\" content=\"https:\/\/www.mathez-monaco.com\/fr\/cookies\/\" \/>\n<meta property=\"og:site_name\" content=\"MATHEZ MONACO\" \/>\n<meta property=\"article:publisher\" content=\"https:\/\/www.facebook.com\/mmci.mc\" \/>\n<meta property=\"article:modified_time\" content=\"2024-04-30T09:22:45+00:00\" \/>\n<meta property=\"og:image\" content=\"https:\/\/www.mathez-monaco.com\/wp-content\/uploads\/photo-mentions-legales-depositphotos.jpg\" \/>\n\t<meta property=\"og:image:width\" content=\"2000\" \/>\n\t<meta property=\"og:image:height\" content=\"1333\" \/>\n\t<meta property=\"og:image:type\" content=\"image\/jpeg\" \/>\n<meta name=\"twitter:card\" content=\"summary_large_image\" \/>\n<meta name=\"twitter:site\" content=\"@MMCIArtLogistic\" \/>\n<meta name=\"twitter:label1\" content=\"Dur\u00e9e de lecture estim\u00e9e\" \/>\n\t<meta name=\"twitter:data1\" content=\"2 minutes\" \/>\n<script type=\"application\/ld+json\" class=\"yoast-schema-graph\">{\"@context\":\"https:\\\/\\\/schema.org\",\"@graph\":[{\"@type\":\"WebPage\",\"@id\":\"https:\\\/\\\/www.mathez-monaco.com\\\/fr\\\/cookies\\\/\",\"url\":\"https:\\\/\\\/www.mathez-monaco.com\\\/fr\\\/cookies\\\/\",\"name\":\"Cookies - MATHEZ MONACO\",\"isPartOf\":{\"@id\":\"https:\\\/\\\/www.mathez-monaco.com\\\/fr\\\/#website\"},\"primaryImageOfPage\":{\"@id\":\"https:\\\/\\\/www.mathez-monaco.com\\\/fr\\\/cookies\\\/#primaryimage\"},\"image\":{\"@id\":\"https:\\\/\\\/www.mathez-monaco.com\\\/fr\\\/cookies\\\/#primaryimage\"},\"thumbnailUrl\":\"https:\\\/\\\/www.mathez-monaco.com\\\/wp-content\\\/uploads\\\/photo-mentions-legales-depositphotos.jpg\",\"datePublished\":\"2024-04-30T09:13:19+00:00\",\"dateModified\":\"2024-04-30T09:22:45+00:00\",\"description\":\"Le site mathez-monaco.com est \u00e9dit\u00e9 par MATHEZ MONACO, dont le si\u00e8ge social est situ\u00e9 \u00e0 Monaco. Nous respectons vos donn\u00e9es personnelles.\",\"breadcrumb\":{\"@id\":\"https:\\\/\\\/www.mathez-monaco.com\\\/fr\\\/cookies\\\/#breadcrumb\"},\"inLanguage\":\"fr-FR\",\"potentialAction\":[{\"@type\":\"ReadAction\",\"target\":[\"https:\\\/\\\/www.mathez-monaco.com\\\/fr\\\/cookies\\\/\"]}]},{\"@type\":\"ImageObject\",\"inLanguage\":\"fr-FR\",\"@id\":\"https:\\\/\\\/www.mathez-monaco.com\\\/fr\\\/cookies\\\/#primaryimage\",\"url\":\"https:\\\/\\\/www.mathez-monaco.com\\\/wp-content\\\/uploads\\\/photo-mentions-legales-depositphotos.jpg\",\"contentUrl\":\"https:\\\/\\\/www.mathez-monaco.com\\\/wp-content\\\/uploads\\\/photo-mentions-legales-depositphotos.jpg\",\"width\":2000,\"height\":1333,\"caption\":\"Mentions l\u00e9gales\"},{\"@type\":\"BreadcrumbList\",\"@id\":\"https:\\\/\\\/www.mathez-monaco.com\\\/fr\\\/cookies\\\/#breadcrumb\",\"itemListElement\":[{\"@type\":\"ListItem\",\"position\":1,\"name\":\"Accueil\",\"item\":\"https:\\\/\\\/www.mathez-monaco.com\\\/fr\\\/\"},{\"@type\":\"ListItem\",\"position\":2,\"name\":\"Cookies\"}]},{\"@type\":\"WebSite\",\"@id\":\"https:\\\/\\\/www.mathez-monaco.com\\\/fr\\\/#website\",\"url\":\"https:\\\/\\\/www.mathez-monaco.com\\\/fr\\\/\",\"name\":\"MATHEZ MONACO\",\"description\":\"Une touche de service mon\u00e9gasque dans l&#039;industrie du transport\",\"publisher\":{\"@id\":\"https:\\\/\\\/www.mathez-monaco.com\\\/fr\\\/#organization\"},\"potentialAction\":[{\"@type\":\"SearchAction\",\"target\":{\"@type\":\"EntryPoint\",\"urlTemplate\":\"https:\\\/\\\/www.mathez-monaco.com\\\/fr\\\/?s={search_term_string}\"},\"query-input\":{\"@type\":\"PropertyValueSpecification\",\"valueRequired\":true,\"valueName\":\"search_term_string\"}}],\"inLanguage\":\"fr-FR\"},{\"@type\":\"Organization\",\"@id\":\"https:\\\/\\\/www.mathez-monaco.com\\\/fr\\\/#organization\",\"name\":\"Mathez Monaco\",\"url\":\"https:\\\/\\\/www.mathez-monaco.com\\\/fr\\\/\",\"logo\":{\"@type\":\"ImageObject\",\"inLanguage\":\"fr-FR\",\"@id\":\"https:\\\/\\\/www.mathez-monaco.com\\\/fr\\\/#\\\/schema\\\/logo\\\/image\\\/\",\"url\":\"https:\\\/\\\/www.mathez-monaco.com\\\/wp-content\\\/uploads\\\/logo-mti-40px.png\",\"contentUrl\":\"https:\\\/\\\/www.mathez-monaco.com\\\/wp-content\\\/uploads\\\/logo-mti-40px.png\",\"width\":137,\"height\":40,\"caption\":\"Mathez Monaco\"},\"image\":{\"@id\":\"https:\\\/\\\/www.mathez-monaco.com\\\/fr\\\/#\\\/schema\\\/logo\\\/image\\\/\"},\"sameAs\":[\"https:\\\/\\\/www.facebook.com\\\/mmci.mc\",\"https:\\\/\\\/x.com\\\/MMCIArtLogistic\"]}]}<\/script>\n<!-- \/ Yoast SEO Premium plugin. -->","yoast_head_json":{"title":"Cookies - MATHEZ MONACO","description":"Le site mathez-monaco.com est \u00e9dit\u00e9 par MATHEZ MONACO, dont le si\u00e8ge social est situ\u00e9 \u00e0 Monaco. Nous respectons vos donn\u00e9es personnelles.","robots":{"index":"index","follow":"follow","max-snippet":"max-snippet:-1","max-image-preview":"max-image-preview:large","max-video-preview":"max-video-preview:-1"},"canonical":"https:\/\/www.mathez-monaco.com\/fr\/cookies\/","og_locale":"fr_FR","og_type":"article","og_title":"Cookies","og_description":"Le site mathez-monaco.com est \u00e9dit\u00e9 par MATHEZ MONACO, dont le si\u00e8ge social est situ\u00e9 \u00e0 Monaco. Nous respectons vos donn\u00e9es personnelles.","og_url":"https:\/\/www.mathez-monaco.com\/fr\/cookies\/","og_site_name":"MATHEZ MONACO","article_publisher":"https:\/\/www.facebook.com\/mmci.mc","article_modified_time":"2024-04-30T09:22:45+00:00","og_image":[{"width":2000,"height":1333,"url":"https:\/\/www.mathez-monaco.com\/wp-content\/uploads\/photo-mentions-legales-depositphotos.jpg","type":"image\/jpeg"}],"twitter_card":"summary_large_image","twitter_site":"@MMCIArtLogistic","twitter_misc":{"Dur\u00e9e de lecture estim\u00e9e":"2 minutes"},"schema":{"@context":"https:\/\/schema.org","@graph":[{"@type":"WebPage","@id":"https:\/\/www.mathez-monaco.com\/fr\/cookies\/","url":"https:\/\/www.mathez-monaco.com\/fr\/cookies\/","name":"Cookies - MATHEZ MONACO","isPartOf":{"@id":"https:\/\/www.mathez-monaco.com\/fr\/#website"},"primaryImageOfPage":{"@id":"https:\/\/www.mathez-monaco.com\/fr\/cookies\/#primaryimage"},"image":{"@id":"https:\/\/www.mathez-monaco.com\/fr\/cookies\/#primaryimage"},"thumbnailUrl":"https:\/\/www.mathez-monaco.com\/wp-content\/uploads\/photo-mentions-legales-depositphotos.jpg","datePublished":"2024-04-30T09:13:19+00:00","dateModified":"2024-04-30T09:22:45+00:00","description":"Le site mathez-monaco.com est \u00e9dit\u00e9 par MATHEZ MONACO, dont le si\u00e8ge social est situ\u00e9 \u00e0 Monaco. Nous respectons vos donn\u00e9es personnelles.","breadcrumb":{"@id":"https:\/\/www.mathez-monaco.com\/fr\/cookies\/#breadcrumb"},"inLanguage":"fr-FR","potentialAction":[{"@type":"ReadAction","target":["https:\/\/www.mathez-monaco.com\/fr\/cookies\/"]}]},{"@type":"ImageObject","inLanguage":"fr-FR","@id":"https:\/\/www.mathez-monaco.com\/fr\/cookies\/#primaryimage","url":"https:\/\/www.mathez-monaco.com\/wp-content\/uploads\/photo-mentions-legales-depositphotos.jpg","contentUrl":"https:\/\/www.mathez-monaco.com\/wp-content\/uploads\/photo-mentions-legales-depositphotos.jpg","width":2000,"height":1333,"caption":"Mentions l\u00e9gales"},{"@type":"BreadcrumbList","@id":"https:\/\/www.mathez-monaco.com\/fr\/cookies\/#breadcrumb","itemListElement":[{"@type":"ListItem","position":1,"name":"Accueil","item":"https:\/\/www.mathez-monaco.com\/fr\/"},{"@type":"ListItem","position":2,"name":"Cookies"}]},{"@type":"WebSite","@id":"https:\/\/www.mathez-monaco.com\/fr\/#website","url":"https:\/\/www.mathez-monaco.com\/fr\/","name":"MATHEZ MONACO","description":"Une touche de service mon\u00e9gasque dans l&#039;industrie du transport","publisher":{"@id":"https:\/\/www.mathez-monaco.com\/fr\/#organization"},"potentialAction":[{"@type":"SearchAction","target":{"@type":"EntryPoint","urlTemplate":"https:\/\/www.mathez-monaco.com\/fr\/?s={search_term_string}"},"query-input":{"@type":"PropertyValueSpecification","valueRequired":true,"valueName":"search_term_string"}}],"inLanguage":"fr-FR"},{"@type":"Organization","@id":"https:\/\/www.mathez-monaco.com\/fr\/#organization","name":"Mathez Monaco","url":"https:\/\/www.mathez-monaco.com\/fr\/","logo":{"@type":"ImageObject","inLanguage":"fr-FR","@id":"https:\/\/www.mathez-monaco.com\/fr\/#\/schema\/logo\/image\/","url":"https:\/\/www.mathez-monaco.com\/wp-content\/uploads\/logo-mti-40px.png","contentUrl":"https:\/\/www.mathez-monaco.com\/wp-content\/uploads\/logo-mti-40px.png","width":137,"height":40,"caption":"Mathez Monaco"},"image":{"@id":"https:\/\/www.mathez-monaco.com\/fr\/#\/schema\/logo\/image\/"},"sameAs":["https:\/\/www.facebook.com\/mmci.mc","https:\/\/x.com\/MMCIArtLogistic"]}]}},"_links":{"self":[{"href":"https:\/\/www.mathez-monaco.com\/fr\/wp-json\/wp\/v2\/pages\/36946","targetHints":{"allow":["GET"]}}],"collection":[{"href":"https:\/\/www.mathez-monaco.com\/fr\/wp-json\/wp\/v2\/pages"}],"about":[{"href":"https:\/\/www.mathez-monaco.com\/fr\/wp-json\/wp\/v2\/types\/page"}],"author":[{"embeddable":true,"href":"https:\/\/www.mathez-monaco.com\/fr\/wp-json\/wp\/v2\/users\/1"}],"replies":[{"embeddable":true,"href":"https:\/\/www.mathez-monaco.com\/fr\/wp-json\/wp\/v2\/comments?post=36946"}],"version-history":[{"count":0,"href":"https:\/\/www.mathez-monaco.com\/fr\/wp-json\/wp\/v2\/pages\/36946\/revisions"}],"wp:featuredmedia":[{"embeddable":true,"href":"https:\/\/www.mathez-monaco.com\/fr\/wp-json\/wp\/v2\/media\/24454"}],"wp:attachment":[{"href":"https:\/\/www.mathez-monaco.com\/fr\/wp-json\/wp\/v2\/media?parent=36946"}],"curies":[{"name":"wp","href":"https:\/\/api.w.org\/{rel}","templated":true}]}}